{"id":20,"date":"2017-09-20T07:11:02","date_gmt":"2017-09-20T07:11:02","guid":{"rendered":"http:\/\/main.roja-pharmazie.de\/?page_id=20"},"modified":"2025-11-05T08:46:03","modified_gmt":"2025-11-05T08:46:03","slug":"impressum","status":"publish","type":"page","link":"https:\/\/www.roja-pharmazie.de\/en\/impressum\/","title":{"rendered":"Imprint"},"content":{"rendered":"<div data-elementor-type=\"wp-post\" data-elementor-id=\"20\" class=\"elementor elementor-20\" data-elementor-post-type=\"page\">\n\t\t\t\t<div class=\"elementor-element elementor-element-6ada735 e-flex e-con-boxed e-con e-parent\" data-id=\"6ada735\" data-element_type=\"container\">\n\t\t\t\t\t<div class=\"e-con-inner\">\n\t\t\t\t<div class=\"elementor-element elementor-element-0e41f66 elementor-widget elementor-widget-heading\" data-id=\"0e41f66\" data-element_type=\"widget\" data-widget_type=\"heading.default\">\n\t\t\t\t<div class=\"elementor-widget-container\">\n\t\t\t\t\t<h2 class=\"elementor-heading-title elementor-size-default\">Imprint<\/h2>\t\t\t\t<\/div>\n\t\t\t\t<\/div>\n\t\t<div class=\"elementor-element elementor-element-25774db e-con-full e-flex e-con e-child\" data-id=\"25774db\" data-element_type=\"container\">\n\t\t<div class=\"elementor-element elementor-element-71fb0b1 e-con-full e-flex e-con e-child\" data-id=\"71fb0b1\" data-element_type=\"container\">\n\t\t\t\t<div class=\"elementor-element elementor-element-1375511 elementor-widget elementor-widget-text-editor\" data-id=\"1375511\" data-element_type=\"widget\" data-widget_type=\"text-editor.default\">\n\t\t\t\t<div class=\"elementor-widget-container\">\n\t\t\t\t\t\t\t\t\t<p class=\"font_8\"><span class=\"color_24\"><strong>Roja Pharmazie GmbH<\/strong><br><\/span><span class=\"color_24\">Siemensstr. 40-41<br><\/span><span class=\"color_24\">D-12247 Berlin<\/span><\/p>\n<p><span class=\"color_24\">Tel.: +49 (0)30 37308929<br><\/span><span class=\"color_24\">Fax: +49 (0)30 37308932<\/span><\/p>\n<p><span class=\"color_24\">Office hours: <\/span>Mo\u2013Do: 09:00\u201317:00 Uhr<br>&nbsp; &nbsp; &nbsp; &nbsp; &nbsp; &nbsp; &nbsp; &nbsp; &nbsp; &nbsp; &nbsp;Fri: 9:00\u201315:00<\/p>\n<div id=\"threads_view_footer-C05ULC9HRBJ-1753263506.009089\" class=\"c-virtual_list__item\" tabindex=\"-1\" role=\"listitem\" aria-setsize=\"-1\" data-qa=\"virtual-list-item\" data-item-key=\"footer-C05ULC9HRBJ-1753263506.009089\">\n<div class=\"p-multi_thread_background p-multi_thread_background--last\" data-droppable-thread=\"C05ULC9HRBJ-1753263506.009089\" data-qa=\"multi_thread_background\">\n<div class=\"p-threads_view__footer\" data-qa=\"threads_footer\">\n<div class=\"p-threads_footer__input_container p-threads_footer__input_container--sticky_composer\" data-qa=\"reply_container\">\n<div>&nbsp;<\/div>\n<\/div>\n<\/div>\n<\/div>\n<\/div>\n<p><span class=\"color_24\">AG Charlottenburg HRB 138485 B<\/span><\/p>\n<p><span class=\"color_24\"><strong>Gesch\u00e4ftsf\u00fchrerin und Verantwortliche Person: Ph. Tahereh Kermani <\/strong><\/span><\/p>\n<p><span class=\"color_24\"><strong>Verantwortliche Person Apotheker:<\/strong> <strong>Daniel Kermani<\/strong><\/span><\/p>\n<p>Bio-Kontrollstelle: DE-\u00d6KO-070<\/p>\n<p><span class=\"color_24\">USt-ID: DE281524176<\/span><\/p>\n<p><span class=\"color_24\">Supervisory authority:&nbsp;<br><\/span><span class=\"color_24\">Berlin State Office for Health and Social Affairs<br><\/span><span class=\"color_24\">Turmstra\u00dfe 21, 10559 Berlin<br><\/span><\/p>\n<p><span class=\"color_24\">Gro\u00dfhandelserlaubnis Nr. 5384\/11-roja\/3<\/span><\/p>\n<div id=\"comp-ivxtcn2k\" class=\"dm1\" title=\"AGB+Widerruf Online-Shop.pdf\" data-content-padding-left=\"5\" data-content-padding-right=\"5\" data-content-padding-top=\"5\" data-content-image-height=\"67\" data-reactid=\".0.$SITE_ROOT.$desktop_siteRoot.$PAGES_CONTAINER.$centeredContent.$inlineContent.$SITE_PAGES.$wmdfz_DESKTOP.$inlineContent.$comp-ivxtcn2k\">\n<div id=\"comp-ivxtdphv\" class=\"txtNew\" data-reactid=\".0.$SITE_ROOT.$desktop_siteRoot.$PAGES_CONTAINER.$centeredContent.$inlineContent.$SITE_PAGES.$wmdfz_DESKTOP.$inlineContent.$comp-ivxtdphv\">\n<p><span style=\"color: #333333;\"> The <a href=\"\/en\/agb-gh\/\">General terms and conditions and the cancellation policy<\/a><\/span> of<br>Roja Pharmazie GmbH online shops for viewing and printing.<\/p>\n<p>Online-Streitbeilegung:&nbsp; Die Europ\u00e4ische Kommission stellt eine Plattform f\u00fcr die au\u00dfergerichtliche Online-Streitbeilegung (OS-Plattform) bereit, die unter <a href=\"http:\/\/www.ec.europa.eu\/consumers\/odr\">www.ec.europa.eu\/consumers\/odr <\/a>can be accessed.<\/p>\n<\/div>\n<\/div>\t\t\t\t\t\t\t\t<\/div>\n\t\t\t\t<\/div>\n\t\t\t\t<\/div>\n\t\t<div class=\"elementor-element elementor-element-b839b8b e-con-full e-flex e-con e-child\" data-id=\"b839b8b\" data-element_type=\"container\">\n\t\t\t\t<div class=\"elementor-element elementor-element-9d47de7 elementor-widget elementor-widget-google_maps\" data-id=\"9d47de7\" data-element_type=\"widget\" data-widget_type=\"google_maps.default\">\n\t\t\t\t<div class=\"elementor-widget-container\">\n\t\t\t\t\t\t\t<div class=\"elementor-custom-embed\">\n\t\t\t<iframe loading=\"lazy\"\n\t\t\t\t\tsrc=\"https:\/\/maps.google.com\/maps?q=roja%20pharmazie&#038;t=m&#038;z=12&#038;output=embed&#038;iwloc=near\"\n\t\t\t\t\ttitle=\"roja pharmazie\"\n\t\t\t\t\taria-label=\"roja pharmazie\"\n\t\t\t><\/iframe>\n\t\t<\/div>\n\t\t\t\t\t\t<\/div>\n\t\t\t\t<\/div>\n\t\t\t\t<\/div>\n\t\t\t\t<\/div>\n\t\t\t\t\t<\/div>\n\t\t\t\t<\/div>\n\t\t\t\t<\/div>","protected":false},"excerpt":{"rendered":"<p>Impressum Roja Pharmazie GmbHSiemensstr. 40-41D-12247 Berlin Tel.: +49 (0)30 37308929Fax: +49 (0)30 37308932 B\u00fcrozeiten: Mo\u2013Do: 09:00\u201317:00 Uhr&nbsp; &nbsp; &nbsp; &nbsp; &nbsp; &nbsp; &nbsp; &nbsp; &nbsp; &nbsp; &nbsp;Fr: 09:00\u201315:00 Uhr &nbsp; AG Charlottenburg HRB 138485 B Gesch\u00e4ftsf\u00fchrerin und Verantwortliche Person: Ph. [&hellip;]<\/p>","protected":false},"author":1,"featured_media":0,"parent":0,"menu_order":0,"comment_status":"closed","ping_status":"closed","template":"","meta":{"footnotes":""},"class_list":["post-20","page","type-page","status-publish","hentry"],"yoast_head":"<!-- This site is optimized with the Yoast SEO plugin v25.2 - https:\/\/yoast.com\/wordpress\/plugins\/seo\/ -->\n<title>Impressum - Roja Pharmazie GmbH<\/title>\n<meta name=\"robots\" content=\"index, follow, max-snippet:-1, max-image-preview:large, max-video-preview:-1\" \/>\n<link rel=\"canonical\" href=\"https:\/\/www.roja-pharmazie.de\/en\/impressum\/\" \/>\n<meta property=\"og:locale\" content=\"en_US\" \/>\n<meta property=\"og:type\" content=\"article\" \/>\n<meta property=\"og:title\" content=\"Impressum - Roja Pharmazie GmbH\" \/>\n<meta property=\"og:description\" content=\"Impressum Roja Pharmazie GmbHSiemensstr. 40-41D-12247 Berlin Tel.: +49 (0)30 37308929Fax: +49 (0)30 37308932 B\u00fcrozeiten: Mo\u2013Do: 09:00\u201317:00 Uhr&nbsp; &nbsp; &nbsp; &nbsp; &nbsp; &nbsp; &nbsp; &nbsp; &nbsp; &nbsp; &nbsp;Fr: 09:00\u201315:00 Uhr &nbsp; AG Charlottenburg HRB 138485 B Gesch\u00e4ftsf\u00fchrerin und Verantwortliche Person: Ph. [&hellip;]\" \/>\n<meta property=\"og:url\" content=\"https:\/\/www.roja-pharmazie.de\/en\/impressum\/\" \/>\n<meta property=\"og:site_name\" content=\"Roja Pharmazie GmbH\" \/>\n<meta property=\"article:modified_time\" content=\"2025-11-05T08:46:03+00:00\" \/>\n<meta name=\"twitter:card\" content=\"summary_large_image\" \/>\n<meta name=\"twitter:label1\" content=\"Est. reading time\" \/>\n\t<meta name=\"twitter:data1\" content=\"1 minute\" \/>\n<script type=\"application\/ld+json\" class=\"yoast-schema-graph\">{\"@context\":\"https:\/\/schema.org\",\"@graph\":[{\"@type\":\"WebPage\",\"@id\":\"https:\/\/www.roja-pharmazie.de\/impressum\/\",\"url\":\"https:\/\/www.roja-pharmazie.de\/impressum\/\",\"name\":\"Impressum - Roja Pharmazie GmbH\",\"isPartOf\":{\"@id\":\"https:\/\/www.roja-pharmazie.de\/#website\"},\"datePublished\":\"2017-09-20T07:11:02+00:00\",\"dateModified\":\"2025-11-05T08:46:03+00:00\",\"breadcrumb\":{\"@id\":\"https:\/\/www.roja-pharmazie.de\/impressum\/#breadcrumb\"},\"inLanguage\":\"en-US\",\"potentialAction\":[{\"@type\":\"ReadAction\",\"target\":[\"https:\/\/www.roja-pharmazie.de\/impressum\/\"]}]},{\"@type\":\"BreadcrumbList\",\"@id\":\"https:\/\/www.roja-pharmazie.de\/impressum\/#breadcrumb\",\"itemListElement\":[{\"@type\":\"ListItem\",\"position\":1,\"name\":\"Startseite\",\"item\":\"https:\/\/www.roja-pharmazie.de\/\"},{\"@type\":\"ListItem\",\"position\":2,\"name\":\"Impressum\"}]},{\"@type\":\"WebSite\",\"@id\":\"https:\/\/www.roja-pharmazie.de\/#website\",\"url\":\"https:\/\/www.roja-pharmazie.de\/\",\"name\":\"Roja Pharmazie GmbH\",\"description\":\"\",\"publisher\":{\"@id\":\"https:\/\/www.roja-pharmazie.de\/#organization\"},\"potentialAction\":[{\"@type\":\"SearchAction\",\"target\":{\"@type\":\"EntryPoint\",\"urlTemplate\":\"https:\/\/www.roja-pharmazie.de\/?s={search_term_string}\"},\"query-input\":{\"@type\":\"PropertyValueSpecification\",\"valueRequired\":true,\"valueName\":\"search_term_string\"}}],\"inLanguage\":\"en-US\"},{\"@type\":\"Organization\",\"@id\":\"https:\/\/www.roja-pharmazie.de\/#organization\",\"name\":\"Roja Pharmazie GmbH\",\"url\":\"https:\/\/www.roja-pharmazie.de\/\",\"logo\":{\"@type\":\"ImageObject\",\"inLanguage\":\"en-US\",\"@id\":\"https:\/\/www.roja-pharmazie.de\/#\/schema\/logo\/image\/\",\"url\":\"https:\/\/www.roja-pharmazie.de\/wp-content\/uploads\/2021\/02\/LogoohneHintergrund-removebg-preview.png\",\"contentUrl\":\"https:\/\/www.roja-pharmazie.de\/wp-content\/uploads\/2021\/02\/LogoohneHintergrund-removebg-preview.png\",\"width\":206,\"height\":119,\"caption\":\"Roja Pharmazie GmbH\"},\"image\":{\"@id\":\"https:\/\/www.roja-pharmazie.de\/#\/schema\/logo\/image\/\"}}]}<\/script>\n<!-- \/ Yoast SEO plugin. -->","yoast_head_json":{"title":"Impressum - Roja Pharmazie GmbH","robots":{"index":"index","follow":"follow","max-snippet":"max-snippet:-1","max-image-preview":"max-image-preview:large","max-video-preview":"max-video-preview:-1"},"canonical":"https:\/\/www.roja-pharmazie.de\/en\/impressum\/","og_locale":"en_US","og_type":"article","og_title":"Impressum - Roja Pharmazie GmbH","og_description":"Impressum Roja Pharmazie GmbHSiemensstr. 40-41D-12247 Berlin Tel.: +49 (0)30 37308929Fax: +49 (0)30 37308932 B\u00fcrozeiten: Mo\u2013Do: 09:00\u201317:00 Uhr&nbsp; &nbsp; &nbsp; &nbsp; &nbsp; &nbsp; &nbsp; &nbsp; &nbsp; &nbsp; &nbsp;Fr: 09:00\u201315:00 Uhr &nbsp; AG Charlottenburg HRB 138485 B Gesch\u00e4ftsf\u00fchrerin und Verantwortliche Person: Ph. [&hellip;]","og_url":"https:\/\/www.roja-pharmazie.de\/en\/impressum\/","og_site_name":"Roja Pharmazie GmbH","article_modified_time":"2025-11-05T08:46:03+00:00","twitter_card":"summary_large_image","twitter_misc":{"Est. reading time":"1 minute"},"schema":{"@context":"https:\/\/schema.org","@graph":[{"@type":"WebPage","@id":"https:\/\/www.roja-pharmazie.de\/impressum\/","url":"https:\/\/www.roja-pharmazie.de\/impressum\/","name":"Impressum - Roja Pharmazie GmbH","isPartOf":{"@id":"https:\/\/www.roja-pharmazie.de\/#website"},"datePublished":"2017-09-20T07:11:02+00:00","dateModified":"2025-11-05T08:46:03+00:00","breadcrumb":{"@id":"https:\/\/www.roja-pharmazie.de\/impressum\/#breadcrumb"},"inLanguage":"en-US","potentialAction":[{"@type":"ReadAction","target":["https:\/\/www.roja-pharmazie.de\/impressum\/"]}]},{"@type":"BreadcrumbList","@id":"https:\/\/www.roja-pharmazie.de\/impressum\/#breadcrumb","itemListElement":[{"@type":"ListItem","position":1,"name":"Startseite","item":"https:\/\/www.roja-pharmazie.de\/"},{"@type":"ListItem","position":2,"name":"Impressum"}]},{"@type":"WebSite","@id":"https:\/\/www.roja-pharmazie.de\/#website","url":"https:\/\/www.roja-pharmazie.de\/","name":"Roja Pharmazie GmbH","description":"","publisher":{"@id":"https:\/\/www.roja-pharmazie.de\/#organization"},"potentialAction":[{"@type":"SearchAction","target":{"@type":"EntryPoint","urlTemplate":"https:\/\/www.roja-pharmazie.de\/?s={search_term_string}"},"query-input":{"@type":"PropertyValueSpecification","valueRequired":true,"valueName":"search_term_string"}}],"inLanguage":"en-US"},{"@type":"Organization","@id":"https:\/\/www.roja-pharmazie.de\/#organization","name":"Roja Pharmazie GmbH","url":"https:\/\/www.roja-pharmazie.de\/","logo":{"@type":"ImageObject","inLanguage":"en-US","@id":"https:\/\/www.roja-pharmazie.de\/#\/schema\/logo\/image\/","url":"https:\/\/www.roja-pharmazie.de\/wp-content\/uploads\/2021\/02\/LogoohneHintergrund-removebg-preview.png","contentUrl":"https:\/\/www.roja-pharmazie.de\/wp-content\/uploads\/2021\/02\/LogoohneHintergrund-removebg-preview.png","width":206,"height":119,"caption":"Roja Pharmazie GmbH"},"image":{"@id":"https:\/\/www.roja-pharmazie.de\/#\/schema\/logo\/image\/"}}]}},"_links":{"self":[{"href":"https:\/\/www.roja-pharmazie.de\/en\/wp-json\/wp\/v2\/pages\/20","targetHints":{"allow":["GET"]}}],"collection":[{"href":"https:\/\/www.roja-pharmazie.de\/en\/wp-json\/wp\/v2\/pages"}],"about":[{"href":"https:\/\/www.roja-pharmazie.de\/en\/wp-json\/wp\/v2\/types\/page"}],"author":[{"embeddable":true,"href":"https:\/\/www.roja-pharmazie.de\/en\/wp-json\/wp\/v2\/users\/1"}],"replies":[{"embeddable":true,"href":"https:\/\/www.roja-pharmazie.de\/en\/wp-json\/wp\/v2\/comments?post=20"}],"version-history":[{"count":51,"href":"https:\/\/www.roja-pharmazie.de\/en\/wp-json\/wp\/v2\/pages\/20\/revisions"}],"predecessor-version":[{"id":16172,"href":"https:\/\/www.roja-pharmazie.de\/en\/wp-json\/wp\/v2\/pages\/20\/revisions\/16172"}],"wp:attachment":[{"href":"https:\/\/www.roja-pharmazie.de\/en\/wp-json\/wp\/v2\/media?parent=20"}],"curies":[{"name":"wp","href":"https:\/\/api.w.org\/{rel}","templated":true}]}}